{"id":4084,"date":"2019-09-13T09:18:09","date_gmt":"2019-09-13T09:18:09","guid":{"rendered":"https:\/\/iqtradingpro.com\/?page_id=4084"},"modified":"2021-10-09T10:05:19","modified_gmt":"2021-10-09T10:05:19","slug":"iq-option-trading-pro","status":"publish","type":"page","link":"https:\/\/iqtradingpro.com\/sv\/","title":{"rendered":"IQ Trading Pro"},"content":{"rendered":"<p>[vc_row][vc_column]<div class=\"td_block_wrap td_block_big_grid_2 td_uid_1_69f222fab257c_rand td-grid-style-1 td-hover-1 td-big-grids td-pb-border-top td_block_template_2\"  data-td-block-uid=\"td_uid_1_69f222fab257c\" ><div id=td_uid_1_69f222fab257c class=\"td_block_inner\"><div class=\"clearfix\"><\/div><\/div><\/div> <!-- .\/block -->[\/vc_column][\/vc_row]<\/p>\n","protected":false},"excerpt":{"rendered":"<p>[vc_row][vc_column][\/vc_column][\/vc_row]<\/p>\n","protected":false},"author":1,"featured_media":0,"parent":0,"menu_order":0,"comment_status":"closed","ping_status":"closed","template":"page-pagebuilder-latest.php","meta":{"jetpack_post_was_ever_published":false,"footnotes":""},"class_list":["post-4084","page","type-page","status-publish","hentry"],"yoast_head":"<!-- This site is optimized with the Yoast SEO Premium plugin v20.5 (Yoast SEO v26.1.1) - https:\/\/yoast.com\/wordpress\/plugins\/seo\/ -->\n<title>IQ Option Trading Pro | Dela erfarenheter, handelstips, vinna, tj\u00e4na pengar<\/title>\n<meta name=\"description\" content=\"Handel med IQ Option att tj\u00e4na tusen USD varje dag. F\u00e5 gratis $10000 n\u00e4r du skapar konto. G\u00e5 med i bloggdelningens handelsupplevelse f\u00f6r att g\u00f6ra pengar lyckligare\" \/>\n<meta name=\"robots\" content=\"index, follow, max-snippet:-1, max-image-preview:large, max-video-preview:-1\" \/>\n<link rel=\"canonical\" href=\"https:\/\/iqtradingpro.com\/sv\/\" \/>\n<meta property=\"og:locale\" content=\"sv_SE\" \/>\n<meta property=\"og:type\" content=\"article\" \/>\n<meta property=\"og:title\" content=\"IQ Trading Pro\" \/>\n<meta property=\"og:description\" content=\"Handel med IQ Option att tj\u00e4na tusen USD varje dag. F\u00e5 gratis $10000 n\u00e4r du skapar konto. G\u00e5 med i bloggdelningens handelsupplevelse f\u00f6r att g\u00f6ra pengar lyckligare\" \/>\n<meta property=\"og:url\" content=\"https:\/\/iqtradingpro.com\/sv\/\" \/>\n<meta property=\"og:site_name\" content=\"IQ Option Trading Pro\" \/>\n<meta property=\"article:publisher\" content=\"https:\/\/www.facebook.com\/IQTradingPro\/\" \/>\n<meta property=\"article:modified_time\" content=\"2021-10-09T10:05:19+00:00\" \/>\n<meta property=\"og:image\" content=\"https:\/\/iqtradingpro.com\/wp-content\/uploads\/2019\/09\/iqtradingpro_banner.jpg\" \/>\n\t<meta property=\"og:image:width\" content=\"1193\" \/>\n\t<meta property=\"og:image:height\" content=\"750\" \/>\n\t<meta property=\"og:image:type\" content=\"image\/jpeg\" \/>\n<meta name=\"twitter:card\" content=\"summary_large_image\" \/>\n<script type=\"application\/ld+json\" class=\"yoast-schema-graph\">{\"@context\":\"https:\/\/schema.org\",\"@graph\":[{\"@type\":\"WebPage\",\"@id\":\"https:\/\/iqtradingpro.com\/sv\/\",\"url\":\"https:\/\/iqtradingpro.com\/sv\/\",\"name\":\"IQ Option Trading Pro | Dela erfarenheter, handelstips, vinna, tj\u00e4na pengar\",\"isPartOf\":{\"@id\":\"https:\/\/iqtradingpro.com\/sv\/#website\"},\"datePublished\":\"2019-09-13T09:18:09+00:00\",\"dateModified\":\"2021-10-09T10:05:19+00:00\",\"description\":\"Handel med IQ Option att tj\u00e4na tusen USD varje dag. F\u00e5 gratis $10000 n\u00e4r du skapar konto. G\u00e5 med i bloggdelningens handelsupplevelse f\u00f6r att g\u00f6ra pengar lyckligare\",\"breadcrumb\":{\"@id\":\"https:\/\/iqtradingpro.com\/sv\/#breadcrumb\"},\"inLanguage\":\"sv-SE\",\"potentialAction\":[{\"@type\":\"ReadAction\",\"target\":[\"https:\/\/iqtradingpro.com\/sv\/\"]}]},{\"@type\":\"BreadcrumbList\",\"@id\":\"https:\/\/iqtradingpro.com\/sv\/#breadcrumb\",\"itemListElement\":[{\"@type\":\"ListItem\",\"position\":1,\"name\":\"Home\",\"item\":\"https:\/\/iqtradingpro.com\/sv\/\"},{\"@type\":\"ListItem\",\"position\":2,\"name\":\"IQ Trading Pro\"}]},{\"@type\":\"WebSite\",\"@id\":\"https:\/\/iqtradingpro.com\/sv\/#website\",\"url\":\"https:\/\/iqtradingpro.com\/sv\/\",\"name\":\"IQ Option Trading Pro\",\"description\":\"Sharing trading experience at IQ Option\",\"publisher\":{\"@id\":\"https:\/\/iqtradingpro.com\/sv\/#organization\"},\"potentialAction\":[{\"@type\":\"SearchAction\",\"target\":{\"@type\":\"EntryPoint\",\"urlTemplate\":\"https:\/\/iqtradingpro.com\/sv\/?s={search_term_string}\"},\"query-input\":{\"@type\":\"PropertyValueSpecification\",\"valueRequired\":true,\"valueName\":\"search_term_string\"}}],\"inLanguage\":\"sv-SE\"},{\"@type\":\"Organization\",\"@id\":\"https:\/\/iqtradingpro.com\/sv\/#organization\",\"name\":\"IQ Option Trading Pro\",\"url\":\"https:\/\/iqtradingpro.com\/sv\/\",\"logo\":{\"@type\":\"ImageObject\",\"inLanguage\":\"sv-SE\",\"@id\":\"https:\/\/iqtradingpro.com\/sv\/#\/schema\/logo\/image\/\",\"url\":\"https:\/\/iqtradingpro.com\/wp-content\/uploads\/2019\/09\/iqtradingpro_banner.jpg\",\"contentUrl\":\"https:\/\/iqtradingpro.com\/wp-content\/uploads\/2019\/09\/iqtradingpro_banner.jpg\",\"width\":1193,\"height\":750,\"caption\":\"IQ Option Trading Pro\"},\"image\":{\"@id\":\"https:\/\/iqtradingpro.com\/sv\/#\/schema\/logo\/image\/\"},\"sameAs\":[\"https:\/\/www.facebook.com\/IQTradingPro\/\",\"https:\/\/www.linkedin.com\/in\/iqtradingpro\/\",\"https:\/\/www.pinterest.com\/IQTradingPro\/\"]}]}<\/script>\n<!-- \/ Yoast SEO Premium plugin. -->","yoast_head_json":{"title":"IQ Option Trading Pro | Dela erfarenheter, handelstips, vinna, tj\u00e4na pengar","description":"Handel med IQ Option att tj\u00e4na tusen USD varje dag. F\u00e5 gratis $10000 n\u00e4r du skapar konto. G\u00e5 med i bloggdelningens handelsupplevelse f\u00f6r att g\u00f6ra pengar lyckligare","robots":{"index":"index","follow":"follow","max-snippet":"max-snippet:-1","max-image-preview":"max-image-preview:large","max-video-preview":"max-video-preview:-1"},"canonical":"https:\/\/iqtradingpro.com\/sv\/","og_locale":"sv_SE","og_type":"article","og_title":"IQ Trading Pro","og_description":"Handel med IQ Option att tj\u00e4na tusen USD varje dag. F\u00e5 gratis $10000 n\u00e4r du skapar konto. G\u00e5 med i bloggdelningens handelsupplevelse f\u00f6r att g\u00f6ra pengar lyckligare","og_url":"https:\/\/iqtradingpro.com\/sv\/","og_site_name":"IQ Option Trading Pro","article_publisher":"https:\/\/www.facebook.com\/IQTradingPro\/","article_modified_time":"2021-10-09T10:05:19+00:00","og_image":[{"width":1193,"height":750,"url":"https:\/\/iqtradingpro.com\/wp-content\/uploads\/2019\/09\/iqtradingpro_banner.jpg","type":"image\/jpeg"}],"twitter_card":"summary_large_image","schema":{"@context":"https:\/\/schema.org","@graph":[{"@type":"WebPage","@id":"https:\/\/iqtradingpro.com\/sv\/","url":"https:\/\/iqtradingpro.com\/sv\/","name":"IQ Option Trading Pro | Dela erfarenheter, handelstips, vinna, tj\u00e4na pengar","isPartOf":{"@id":"https:\/\/iqtradingpro.com\/sv\/#website"},"datePublished":"2019-09-13T09:18:09+00:00","dateModified":"2021-10-09T10:05:19+00:00","description":"Handel med IQ Option att tj\u00e4na tusen USD varje dag. F\u00e5 gratis $10000 n\u00e4r du skapar konto. G\u00e5 med i bloggdelningens handelsupplevelse f\u00f6r att g\u00f6ra pengar lyckligare","breadcrumb":{"@id":"https:\/\/iqtradingpro.com\/sv\/#breadcrumb"},"inLanguage":"sv-SE","potentialAction":[{"@type":"ReadAction","target":["https:\/\/iqtradingpro.com\/sv\/"]}]},{"@type":"BreadcrumbList","@id":"https:\/\/iqtradingpro.com\/sv\/#breadcrumb","itemListElement":[{"@type":"ListItem","position":1,"name":"Home","item":"https:\/\/iqtradingpro.com\/sv\/"},{"@type":"ListItem","position":2,"name":"IQ Trading Pro"}]},{"@type":"WebSite","@id":"https:\/\/iqtradingpro.com\/sv\/#website","url":"https:\/\/iqtradingpro.com\/sv\/","name":"IQ Option Trading Pro","description":"Sharing trading experience at IQ Option","publisher":{"@id":"https:\/\/iqtradingpro.com\/sv\/#organization"},"potentialAction":[{"@type":"SearchAction","target":{"@type":"EntryPoint","urlTemplate":"https:\/\/iqtradingpro.com\/sv\/?s={search_term_string}"},"query-input":{"@type":"PropertyValueSpecification","valueRequired":true,"valueName":"search_term_string"}}],"inLanguage":"sv-SE"},{"@type":"Organization","@id":"https:\/\/iqtradingpro.com\/sv\/#organization","name":"IQ Option Trading Pro","url":"https:\/\/iqtradingpro.com\/sv\/","logo":{"@type":"ImageObject","inLanguage":"sv-SE","@id":"https:\/\/iqtradingpro.com\/sv\/#\/schema\/logo\/image\/","url":"https:\/\/iqtradingpro.com\/wp-content\/uploads\/2019\/09\/iqtradingpro_banner.jpg","contentUrl":"https:\/\/iqtradingpro.com\/wp-content\/uploads\/2019\/09\/iqtradingpro_banner.jpg","width":1193,"height":750,"caption":"IQ Option Trading Pro"},"image":{"@id":"https:\/\/iqtradingpro.com\/sv\/#\/schema\/logo\/image\/"},"sameAs":["https:\/\/www.facebook.com\/IQTradingPro\/","https:\/\/www.linkedin.com\/in\/iqtradingpro\/","https:\/\/www.pinterest.com\/IQTradingPro\/"]}]}},"jetpack_shortlink":"https:\/\/wp.me\/PbhGdF-13S","jetpack_sharing_enabled":true,"amp_enabled":false,"_links":{"self":[{"href":"https:\/\/iqtradingpro.com\/sv\/wp-json\/wp\/v2\/pages\/4084","targetHints":{"allow":["GET"]}}],"collection":[{"href":"https:\/\/iqtradingpro.com\/sv\/wp-json\/wp\/v2\/pages"}],"about":[{"href":"https:\/\/iqtradingpro.com\/sv\/wp-json\/wp\/v2\/types\/page"}],"author":[{"embeddable":true,"href":"https:\/\/iqtradingpro.com\/sv\/wp-json\/wp\/v2\/users\/1"}],"replies":[{"embeddable":true,"href":"https:\/\/iqtradingpro.com\/sv\/wp-json\/wp\/v2\/comments?post=4084"}],"version-history":[{"count":4,"href":"https:\/\/iqtradingpro.com\/sv\/wp-json\/wp\/v2\/pages\/4084\/revisions"}],"predecessor-version":[{"id":17544,"href":"https:\/\/iqtradingpro.com\/sv\/wp-json\/wp\/v2\/pages\/4084\/revisions\/17544"}],"wp:attachment":[{"href":"https:\/\/iqtradingpro.com\/sv\/wp-json\/wp\/v2\/media?parent=4084"}],"curies":[{"name":"wp","href":"https:\/\/api.w.org\/{rel}","templated":true}]}}