{"id":4595,"date":"2021-05-19T07:14:48","date_gmt":"2021-05-19T07:14:48","guid":{"rendered":"https:\/\/iqtradingpro.com\/?page_id=4595"},"modified":"2021-05-19T11:15:59","modified_gmt":"2021-05-19T11:15:59","slug":"sobre-a-iq-option","status":"publish","type":"page","link":"https:\/\/iqtradingpro.com\/pt-br\/sobre-a-iq-option\/","title":{"rendered":"Sobre a IQ Option"},"content":{"rendered":"<h2>O que a IQ Option faz?<\/h2>\n<p>Se voc\u00ea \u00e9 novo no nosso site, pode se perguntar: o que \u00e9 IQ Option e como funciona? Este artigo responder\u00e1 a todas as perguntas b\u00e1sicas que voc\u00ea possa ter, para que possa iniciar sua jornada como comerciante.<\/p>\n<h2>Do que se trata a IQ Option ?<\/h2>\n<p>IQ Option \u00e9 uma plataforma de negocia\u00e7\u00e3o onde voc\u00ea pode negociar uma ampla variedade de instrumentos. Entre eles est\u00e3o CFDs sobre Forex, Crypto, Stocks, Commodities, \u00cdndices e ETFs. Voc\u00ea pode encontrar os ativos dispon\u00edveis para negocia\u00e7\u00e3o na <em>guia Ativos<\/em> e verificar o desempenho do pre\u00e7o, bem como o hor\u00e1rio de negocia\u00e7\u00e3o.<\/p>\n<p>IQ Option \u00e9 baseada em contrato por diferen\u00e7a (CFD). <em>Isso significa que, ao abrir um neg\u00f3cio na plataforma, voc\u00ea ter\u00e1 um resultado com base na varia\u00e7\u00e3o do pre\u00e7o do ativo sem adquiri-lo.<\/em> Ao abrir uma transa\u00e7\u00e3o na plataforma, voc\u00ea faz uma previs\u00e3o sobre a dire\u00e7\u00e3o do desenvolvimento do pre\u00e7o e abre uma transa\u00e7\u00e3o correspondente (clique em <em>COMPRAR<\/em> ou <em>VENDER<\/em> ). O resultado do neg\u00f3cio depender\u00e1 da dire\u00e7\u00e3o que o negociante escolheu e da dire\u00e7\u00e3o real em que o pre\u00e7o se move.<\/p>\n<figure class=\"wp-block-image\"><img decoding=\"async\" class=\"wp-image-45304\" src=\"https:\/\/blog.iqoption.com\/wp-content\/uploads\/2019\/04\/tg_image_1168761917-1024x512.jpeg\" sizes=\"(max-width: 1024px) 100vw, 1024px\" srcset=\"https:\/\/blog.iqoption.com\/wp-content\/uploads\/2019\/04\/tg_image_1168761917-1024x512.jpeg 1024w, https:\/\/blog.iqoption.com\/wp-content\/uploads\/2019\/04\/tg_image_1168761917-300x150.jpeg 300w, https:\/\/blog.iqoption.com\/wp-content\/uploads\/2019\/04\/tg_image_1168761917-1000x500.jpeg 1000w, https:\/\/blog.iqoption.com\/wp-content\/uploads\/2019\/04\/tg_image_1168761917-400x200@2x.jpeg 800w, https:\/\/blog.iqoption.com\/wp-content\/uploads\/2019\/04\/tg_image_1168761917-600x300.jpeg 600w, https:\/\/blog.iqoption.com\/wp-content\/uploads\/2019\/04\/tg_image_1168761917-400x200.jpeg 400w, https:\/\/blog.iqoption.com\/wp-content\/uploads\/2019\/04\/tg_image_1168761917-560x280.jpeg 560w, https:\/\/blog.iqoption.com\/wp-content\/uploads\/2019\/04\/tg_image_1168761917.jpeg 1800w, https:\/\/blog.iqoption.com\/wp-content\/uploads\/2019\/04\/tg_image_1168761917-800x400@2x.jpeg 1600w, https:\/\/blog.iqoption.com\/wp-content\/uploads\/2019\/04\/tg_image_1168761917-600x300@2x.jpeg 1200w, https:\/\/blog.iqoption.com\/wp-content\/uploads\/2019\/04\/tg_image_1168761917-560x280@2x.jpeg 1120w\" alt=\"&lt;classe de span =\" \/> Gr\u00e1fico de pre\u00e7os IQ Option &#8220;largura =&#8221; 1024 &#8220;altura =&#8221; 512 &#8220;\/&gt;<figcaption>Sala de negocia\u00e7\u00e3o com gr\u00e1fico de pre\u00e7os EUR \/ USD e indicador MACD<\/figcaption><\/figure>\n<h2>Como come\u00e7ar a negociar com a IQ Option ?<\/h2>\n<p>Para come\u00e7ar a negociar, primeiro voc\u00ea precisa criar uma conta na plataforma. Para isso, cadastre-se na p\u00e1gina principal do site e preencha os dados necess\u00e1rios (nome, sobrenome, endere\u00e7o de e-mail, senha, telefone, pa\u00eds, data de nascimento). Depois de ter sua conta, voc\u00ea pode come\u00e7ar a us\u00e1-la.<\/p>\n<p style=\"text-align:center;padding-top:16px\"><a href=\"https:\/\/iqtradingpro.com\/go\/register-iq-option-brasil\/\" style=\"color:#FFFFFF;background-color:#fd7823;border-color:#d56300;border-radius:10px;-moz-border-radius:10px;-webkit-border-radius:10px;display: inline-block !important;text-align: center;text-decoration: none !important;box-sizing: content-box !important;-webkit-transition: all .2s;transition: all .2s;border-width: 1px;border-style: solid;\" target=\"_blank\" rel=\"nofollow\" title=\"IQ Option registro de QI\"><span style=\"color:#FFFFFF;padding:0px 15px;font-size:16px;line-height:32px;border-color:#fd7823;border-radius:10px;-moz-border-radius:10px;-webkit-border-radius:10px;text-shadow:none;-moz-text-shadow:none;-webkit-text-shadow:none;border-top-width: 1px;border-bottom-width: 1px;border-top-style: solid;border-bottom-style: solid;display: block !important;text-decoration: none !important;box-sizing: content-box !important;-webkit-transition: all .2s;transition: all .2s;\"> Registre a IQ Option e ganhe $10.000 gr\u00e1tis <small style=\"padding-bottom:7px;color:#FFFFFF;display: block;font-style: normal;font-size: .8em;line-height: 1;opacity:.7\">Risk warning: Your capital might be at risk.<\/small><\/span><\/a><\/p>\n<p>Em primeiro lugar, voc\u00ea precisa aprender sobre todos os diferentes recursos da plataforma e experiment\u00e1-los. \u00c9 aqui que a conta de pr\u00e1tica se torna \u00fatil. Ele oferece $ 10.000 em dinheiro para praticar gratuitamente e voc\u00ea pode usar esses fundos para decidir quais ativos deseja negociar e quais estrat\u00e9gias funcionam para voc\u00ea. Voc\u00ea pode acess\u00e1-lo entrando na sala de negocia\u00e7\u00f5es, onde poder\u00e1 abrir neg\u00f3cios e fazer novos investimentos. Voc\u00ea tamb\u00e9m pode acessar a plataforma de um desktop ou aplicativo m\u00f3vel.<\/p>\n<p>Em segundo lugar, voc\u00ea pode encontrar muitas informa\u00e7\u00f5es \u00fateis em nosso site. Temos tutoriais em v\u00eddeo que voc\u00ea pode assistir, onde cada instrumento \u00e9 explicado, bem como alguns padr\u00f5es, indicadores e estrat\u00e9gias. Muitas perguntas s\u00e3o respondidas em nosso FAQ e em nosso blog (o que voc\u00ea est\u00e1 lendo agora). O blog tamb\u00e9m oferece v\u00e1rios artigos sobre estrat\u00e9gias de negocia\u00e7\u00e3o, para que voc\u00ea possa verificar todas as suas se\u00e7\u00f5es.<\/p>\n<figure class=\"wp-block-image\"><img decoding=\"async\" class=\"wp-image-45323\" src=\"https:\/\/blog.iqoption.com\/wp-content\/uploads\/2019\/04\/tg_image_193553496-1024x512.jpeg\" sizes=\"(max-width: 1024px) 100vw, 1024px\" srcset=\"https:\/\/blog.iqoption.com\/wp-content\/uploads\/2019\/04\/tg_image_193553496-1024x512.jpeg 1024w, https:\/\/blog.iqoption.com\/wp-content\/uploads\/2019\/04\/tg_image_193553496-300x150.jpeg 300w, https:\/\/blog.iqoption.com\/wp-content\/uploads\/2019\/04\/tg_image_193553496-1000x500.jpeg 1000w, https:\/\/blog.iqoption.com\/wp-content\/uploads\/2019\/04\/tg_image_193553496-400x200@2x.jpeg 800w, https:\/\/blog.iqoption.com\/wp-content\/uploads\/2019\/04\/tg_image_193553496-600x300.jpeg 600w, https:\/\/blog.iqoption.com\/wp-content\/uploads\/2019\/04\/tg_image_193553496-400x200.jpeg 400w, https:\/\/blog.iqoption.com\/wp-content\/uploads\/2019\/04\/tg_image_193553496-560x280.jpeg 560w, https:\/\/blog.iqoption.com\/wp-content\/uploads\/2019\/04\/tg_image_193553496.jpeg 1800w, https:\/\/blog.iqoption.com\/wp-content\/uploads\/2019\/04\/tg_image_193553496-800x400@2x.jpeg 1600w, https:\/\/blog.iqoption.com\/wp-content\/uploads\/2019\/04\/tg_image_193553496-600x300@2x.jpeg 1200w, https:\/\/blog.iqoption.com\/wp-content\/uploads\/2019\/04\/tg_image_193553496-560x280@2x.jpeg 1120w\" alt=\"Jacar\u00e9 e outros indicadores no &lt;span class =\" \/> Plataforma de op\u00e7\u00e3o IQ &#8220;largura =&#8221; 1024 &#8220;altura =&#8221; 512 &#8220;\/&gt;<figcaption>Jacar\u00e9 na guia &#8216;Indicadores&#8217; da plataforma<\/figcaption><\/figure>\n<h2>\u201cQuanto dinheiro voc\u00ea paga?\u201d<\/h2>\n<p>N\u00e3o h\u00e1 um valor fixo de pagamento garantido a cada negociante. <em>O pagamento depende inteiramente de sua estrat\u00e9gia e conhecimento e do valor do investimento.<\/em> Claro, voc\u00ea sempre pode sacar todos os fundos da plataforma, a qualquer momento. Para fazer isso, voc\u00ea precisa criar uma solicita\u00e7\u00e3o de saque e passar no processo de verifica\u00e7\u00e3o. Por\u00e9m, o valor que voc\u00ea ganhar\u00e1 depender\u00e1 de voc\u00ea e por isso \u00e9 importante se informar sobre o mercado, para que possa tomar melhores decis\u00f5es de investimento.<\/p>\n<p>No futuro, voc\u00ea definitivamente ter\u00e1 perguntas adicionais, mas espero que agora voc\u00ea entenda um pouco melhor como a plataforma funciona. Use todos os links \u00fateis a seu favor e n\u00e3o hesite em entrar em contato com o Suporte se precisar de ajuda.<\/p>\n<p style=\"text-align:center;padding-top:16px\"><a href=\"https:\/\/iqtradingpro.com\/go\/register-iq-option-brasil\/\" style=\"color:#FFFFFF;background-color:#fd7823;border-color:#d56300;border-radius:10px;-moz-border-radius:10px;-webkit-border-radius:10px;display: inline-block !important;text-align: center;text-decoration: none !important;box-sizing: content-box !important;-webkit-transition: all .2s;transition: all .2s;border-width: 1px;border-style: solid;\" target=\"_blank\" rel=\"nofollow\" title=\"IQ Option registro de QI\"><span style=\"color:#FFFFFF;padding:0px 15px;font-size:16px;line-height:32px;border-color:#fd7823;border-radius:10px;-moz-border-radius:10px;-webkit-border-radius:10px;text-shadow:none;-moz-text-shadow:none;-webkit-text-shadow:none;border-top-width: 1px;border-bottom-width: 1px;border-top-style: solid;border-bottom-style: solid;display: block !important;text-decoration: none !important;box-sizing: content-box !important;-webkit-transition: all .2s;transition: all .2s;\"> Registre a IQ Option e ganhe $10.000 gr\u00e1tis <small style=\"padding-bottom:7px;color:#FFFFFF;display: block;font-style: normal;font-size: .8em;line-height: 1;opacity:.7\">Risk warning: Your capital might be at risk.<\/small><\/span><\/a><\/p>\n","protected":false},"excerpt":{"rendered":"<p>O que a IQ Option faz? Se voc\u00ea \u00e9 novo no nosso site, pode se perguntar: o que \u00e9 IQ Option e como funciona? Este artigo responder\u00e1 a todas as perguntas b\u00e1sicas que voc\u00ea possa ter, para que possa iniciar sua jornada como comerciante. Do que se trata a IQ Option ? IQ Option \u00e9 [&hellip;]<\/p>\n","protected":false},"author":1,"featured_media":4599,"parent":0,"menu_order":0,"comment_status":"closed","ping_status":"closed","template":"","meta":{"jetpack_post_was_ever_published":false,"footnotes":""},"class_list":["post-4595","page","type-page","status-publish","has-post-thumbnail","hentry"],"yoast_head":"<!-- This site is optimized with the Yoast SEO Premium plugin v20.5 (Yoast SEO v26.1.1) - https:\/\/yoast.com\/wordpress\/plugins\/seo\/ -->\n<title>Sobre a IQ Option - IQ Option Trading Pro<\/title>\n<meta name=\"description\" content=\"O que a IQ Option faz? Se voc\u00ea \u00e9 novo no nosso site, pode se perguntar: o que \u00e9 IQ Option e como funciona? Este artigo responder\u00e1 a todas as perguntas\" \/>\n<meta name=\"robots\" content=\"index, follow, max-snippet:-1, max-image-preview:large, max-video-preview:-1\" \/>\n<link rel=\"canonical\" href=\"https:\/\/iqtradingpro.com\/pt-br\/sobre-a-iq-option\/\" \/>\n<meta property=\"og:locale\" content=\"pt_BR\" \/>\n<meta property=\"og:type\" content=\"article\" \/>\n<meta property=\"og:title\" content=\"Sobre a IQ Option\" \/>\n<meta property=\"og:description\" content=\"O que a IQ Option faz? Se voc\u00ea \u00e9 novo no nosso site, pode se perguntar: o que \u00e9 IQ Option e como funciona? Este artigo responder\u00e1 a todas as perguntas\" \/>\n<meta property=\"og:url\" content=\"https:\/\/iqtradingpro.com\/pt-br\/sobre-a-iq-option\/\" \/>\n<meta property=\"og:site_name\" content=\"IQ Option Trading Pro\" \/>\n<meta property=\"article:publisher\" content=\"https:\/\/www.facebook.com\/IQTradingPro\/\" \/>\n<meta property=\"article:modified_time\" content=\"2021-05-19T11:15:59+00:00\" \/>\n<meta property=\"og:image\" content=\"https:\/\/iqtradingpro.com\/wp-content\/uploads\/2020\/11\/make-money-safely-with-the-tweezer-candlestick-pattern-in-iq-option.jpg\" \/>\n\t<meta property=\"og:image:width\" content=\"1280\" \/>\n\t<meta property=\"og:image:height\" content=\"720\" \/>\n\t<meta property=\"og:image:type\" content=\"image\/jpeg\" \/>\n<meta name=\"twitter:card\" content=\"summary_large_image\" \/>\n<meta name=\"twitter:label1\" content=\"Est. tempo de leitura\" \/>\n\t<meta name=\"twitter:data1\" content=\"3 minutos\" \/>\n<script type=\"application\/ld+json\" class=\"yoast-schema-graph\">{\"@context\":\"https:\/\/schema.org\",\"@graph\":[{\"@type\":\"WebPage\",\"@id\":\"https:\/\/iqtradingpro.com\/pt-br\/sobre-a-iq-option\/\",\"url\":\"https:\/\/iqtradingpro.com\/pt-br\/sobre-a-iq-option\/\",\"name\":\"Sobre a IQ Option - IQ Option Trading Pro\",\"isPartOf\":{\"@id\":\"https:\/\/iqtradingpro.com\/pt-br\/#website\"},\"primaryImageOfPage\":{\"@id\":\"https:\/\/iqtradingpro.com\/pt-br\/sobre-a-iq-option\/#primaryimage\"},\"image\":{\"@id\":\"https:\/\/iqtradingpro.com\/pt-br\/sobre-a-iq-option\/#primaryimage\"},\"thumbnailUrl\":\"https:\/\/iqtradingpro.com\/wp-content\/uploads\/2020\/11\/make-money-safely-with-the-tweezer-candlestick-pattern-in-iq-option.jpg\",\"datePublished\":\"2021-05-19T07:14:48+00:00\",\"dateModified\":\"2021-05-19T11:15:59+00:00\",\"description\":\"O que a IQ Option faz? Se voc\u00ea \u00e9 novo no nosso site, pode se perguntar: o que \u00e9 IQ Option e como funciona? Este artigo responder\u00e1 a todas as perguntas\",\"breadcrumb\":{\"@id\":\"https:\/\/iqtradingpro.com\/pt-br\/sobre-a-iq-option\/#breadcrumb\"},\"inLanguage\":\"pt-BR\",\"potentialAction\":[{\"@type\":\"ReadAction\",\"target\":[\"https:\/\/iqtradingpro.com\/pt-br\/sobre-a-iq-option\/\"]}]},{\"@type\":\"ImageObject\",\"inLanguage\":\"pt-BR\",\"@id\":\"https:\/\/iqtradingpro.com\/pt-br\/sobre-a-iq-option\/#primaryimage\",\"url\":\"https:\/\/iqtradingpro.com\/wp-content\/uploads\/2020\/11\/make-money-safely-with-the-tweezer-candlestick-pattern-in-iq-option.jpg\",\"contentUrl\":\"https:\/\/iqtradingpro.com\/wp-content\/uploads\/2020\/11\/make-money-safely-with-the-tweezer-candlestick-pattern-in-iq-option.jpg\",\"width\":1280,\"height\":720,\"caption\":\"Make money safely with the Tweezer candlestick pattern in IQ Option\"},{\"@type\":\"BreadcrumbList\",\"@id\":\"https:\/\/iqtradingpro.com\/pt-br\/sobre-a-iq-option\/#breadcrumb\",\"itemListElement\":[{\"@type\":\"ListItem\",\"position\":1,\"name\":\"Home\",\"item\":\"https:\/\/iqtradingpro.com\/pt-br\/\"},{\"@type\":\"ListItem\",\"position\":2,\"name\":\"Sobre a IQ Option\"}]},{\"@type\":\"WebSite\",\"@id\":\"https:\/\/iqtradingpro.com\/pt-br\/#website\",\"url\":\"https:\/\/iqtradingpro.com\/pt-br\/\",\"name\":\"IQ Option Trading Pro\",\"description\":\"Sharing trading experience at IQ Option\",\"publisher\":{\"@id\":\"https:\/\/iqtradingpro.com\/pt-br\/#organization\"},\"potentialAction\":[{\"@type\":\"SearchAction\",\"target\":{\"@type\":\"EntryPoint\",\"urlTemplate\":\"https:\/\/iqtradingpro.com\/pt-br\/?s={search_term_string}\"},\"query-input\":{\"@type\":\"PropertyValueSpecification\",\"valueRequired\":true,\"valueName\":\"search_term_string\"}}],\"inLanguage\":\"pt-BR\"},{\"@type\":\"Organization\",\"@id\":\"https:\/\/iqtradingpro.com\/pt-br\/#organization\",\"name\":\"IQ Option Trading Pro\",\"url\":\"https:\/\/iqtradingpro.com\/pt-br\/\",\"logo\":{\"@type\":\"ImageObject\",\"inLanguage\":\"pt-BR\",\"@id\":\"https:\/\/iqtradingpro.com\/pt-br\/#\/schema\/logo\/image\/\",\"url\":\"https:\/\/iqtradingpro.com\/wp-content\/uploads\/2019\/09\/iqtradingpro_banner.jpg\",\"contentUrl\":\"https:\/\/iqtradingpro.com\/wp-content\/uploads\/2019\/09\/iqtradingpro_banner.jpg\",\"width\":1193,\"height\":750,\"caption\":\"IQ Option Trading Pro\"},\"image\":{\"@id\":\"https:\/\/iqtradingpro.com\/pt-br\/#\/schema\/logo\/image\/\"},\"sameAs\":[\"https:\/\/www.facebook.com\/IQTradingPro\/\",\"https:\/\/www.linkedin.com\/in\/iqtradingpro\/\",\"https:\/\/www.pinterest.com\/IQTradingPro\/\"]}]}<\/script>\n<!-- \/ Yoast SEO Premium plugin. -->","yoast_head_json":{"title":"Sobre a IQ Option - IQ Option Trading Pro","description":"O que a IQ Option faz? Se voc\u00ea \u00e9 novo no nosso site, pode se perguntar: o que \u00e9 IQ Option e como funciona? Este artigo responder\u00e1 a todas as perguntas","robots":{"index":"index","follow":"follow","max-snippet":"max-snippet:-1","max-image-preview":"max-image-preview:large","max-video-preview":"max-video-preview:-1"},"canonical":"https:\/\/iqtradingpro.com\/pt-br\/sobre-a-iq-option\/","og_locale":"pt_BR","og_type":"article","og_title":"Sobre a IQ Option","og_description":"O que a IQ Option faz? Se voc\u00ea \u00e9 novo no nosso site, pode se perguntar: o que \u00e9 IQ Option e como funciona? Este artigo responder\u00e1 a todas as perguntas","og_url":"https:\/\/iqtradingpro.com\/pt-br\/sobre-a-iq-option\/","og_site_name":"IQ Option Trading Pro","article_publisher":"https:\/\/www.facebook.com\/IQTradingPro\/","article_modified_time":"2021-05-19T11:15:59+00:00","og_image":[{"width":1280,"height":720,"url":"https:\/\/iqtradingpro.com\/wp-content\/uploads\/2020\/11\/make-money-safely-with-the-tweezer-candlestick-pattern-in-iq-option.jpg","type":"image\/jpeg"}],"twitter_card":"summary_large_image","twitter_misc":{"Est. tempo de leitura":"3 minutos"},"schema":{"@context":"https:\/\/schema.org","@graph":[{"@type":"WebPage","@id":"https:\/\/iqtradingpro.com\/pt-br\/sobre-a-iq-option\/","url":"https:\/\/iqtradingpro.com\/pt-br\/sobre-a-iq-option\/","name":"Sobre a IQ Option - IQ Option Trading Pro","isPartOf":{"@id":"https:\/\/iqtradingpro.com\/pt-br\/#website"},"primaryImageOfPage":{"@id":"https:\/\/iqtradingpro.com\/pt-br\/sobre-a-iq-option\/#primaryimage"},"image":{"@id":"https:\/\/iqtradingpro.com\/pt-br\/sobre-a-iq-option\/#primaryimage"},"thumbnailUrl":"https:\/\/iqtradingpro.com\/wp-content\/uploads\/2020\/11\/make-money-safely-with-the-tweezer-candlestick-pattern-in-iq-option.jpg","datePublished":"2021-05-19T07:14:48+00:00","dateModified":"2021-05-19T11:15:59+00:00","description":"O que a IQ Option faz? Se voc\u00ea \u00e9 novo no nosso site, pode se perguntar: o que \u00e9 IQ Option e como funciona? Este artigo responder\u00e1 a todas as perguntas","breadcrumb":{"@id":"https:\/\/iqtradingpro.com\/pt-br\/sobre-a-iq-option\/#breadcrumb"},"inLanguage":"pt-BR","potentialAction":[{"@type":"ReadAction","target":["https:\/\/iqtradingpro.com\/pt-br\/sobre-a-iq-option\/"]}]},{"@type":"ImageObject","inLanguage":"pt-BR","@id":"https:\/\/iqtradingpro.com\/pt-br\/sobre-a-iq-option\/#primaryimage","url":"https:\/\/iqtradingpro.com\/wp-content\/uploads\/2020\/11\/make-money-safely-with-the-tweezer-candlestick-pattern-in-iq-option.jpg","contentUrl":"https:\/\/iqtradingpro.com\/wp-content\/uploads\/2020\/11\/make-money-safely-with-the-tweezer-candlestick-pattern-in-iq-option.jpg","width":1280,"height":720,"caption":"Make money safely with the Tweezer candlestick pattern in IQ Option"},{"@type":"BreadcrumbList","@id":"https:\/\/iqtradingpro.com\/pt-br\/sobre-a-iq-option\/#breadcrumb","itemListElement":[{"@type":"ListItem","position":1,"name":"Home","item":"https:\/\/iqtradingpro.com\/pt-br\/"},{"@type":"ListItem","position":2,"name":"Sobre a IQ Option"}]},{"@type":"WebSite","@id":"https:\/\/iqtradingpro.com\/pt-br\/#website","url":"https:\/\/iqtradingpro.com\/pt-br\/","name":"IQ Option Trading Pro","description":"Sharing trading experience at IQ Option","publisher":{"@id":"https:\/\/iqtradingpro.com\/pt-br\/#organization"},"potentialAction":[{"@type":"SearchAction","target":{"@type":"EntryPoint","urlTemplate":"https:\/\/iqtradingpro.com\/pt-br\/?s={search_term_string}"},"query-input":{"@type":"PropertyValueSpecification","valueRequired":true,"valueName":"search_term_string"}}],"inLanguage":"pt-BR"},{"@type":"Organization","@id":"https:\/\/iqtradingpro.com\/pt-br\/#organization","name":"IQ Option Trading Pro","url":"https:\/\/iqtradingpro.com\/pt-br\/","logo":{"@type":"ImageObject","inLanguage":"pt-BR","@id":"https:\/\/iqtradingpro.com\/pt-br\/#\/schema\/logo\/image\/","url":"https:\/\/iqtradingpro.com\/wp-content\/uploads\/2019\/09\/iqtradingpro_banner.jpg","contentUrl":"https:\/\/iqtradingpro.com\/wp-content\/uploads\/2019\/09\/iqtradingpro_banner.jpg","width":1193,"height":750,"caption":"IQ Option Trading Pro"},"image":{"@id":"https:\/\/iqtradingpro.com\/pt-br\/#\/schema\/logo\/image\/"},"sameAs":["https:\/\/www.facebook.com\/IQTradingPro\/","https:\/\/www.linkedin.com\/in\/iqtradingpro\/","https:\/\/www.pinterest.com\/IQTradingPro\/"]}]}},"jetpack_shortlink":"https:\/\/wp.me\/PbhGdF-1c7","jetpack_sharing_enabled":true,"amp_enabled":true,"_links":{"self":[{"href":"https:\/\/iqtradingpro.com\/pt-br\/wp-json\/wp\/v2\/pages\/4595","targetHints":{"allow":["GET"]}}],"collection":[{"href":"https:\/\/iqtradingpro.com\/pt-br\/wp-json\/wp\/v2\/pages"}],"about":[{"href":"https:\/\/iqtradingpro.com\/pt-br\/wp-json\/wp\/v2\/types\/page"}],"author":[{"embeddable":true,"href":"https:\/\/iqtradingpro.com\/pt-br\/wp-json\/wp\/v2\/users\/1"}],"replies":[{"embeddable":true,"href":"https:\/\/iqtradingpro.com\/pt-br\/wp-json\/wp\/v2\/comments?post=4595"}],"version-history":[{"count":3,"href":"https:\/\/iqtradingpro.com\/pt-br\/wp-json\/wp\/v2\/pages\/4595\/revisions"}],"predecessor-version":[{"id":4598,"href":"https:\/\/iqtradingpro.com\/pt-br\/wp-json\/wp\/v2\/pages\/4595\/revisions\/4598"}],"wp:featuredmedia":[{"embeddable":true,"href":"https:\/\/iqtradingpro.com\/pt-br\/wp-json\/wp\/v2\/media\/4599"}],"wp:attachment":[{"href":"https:\/\/iqtradingpro.com\/pt-br\/wp-json\/wp\/v2\/media?parent=4595"}],"curies":[{"name":"wp","href":"https:\/\/api.w.org\/{rel}","templated":true}]}}