{"id":4579,"date":"2021-05-19T07:14:48","date_gmt":"2021-05-19T07:14:48","guid":{"rendered":"https:\/\/iqtradingpro.com\/?page_id=4579"},"modified":"2021-05-19T11:09:16","modified_gmt":"2021-05-19T11:09:16","slug":"informazioni-su-iq-option","status":"publish","type":"page","link":"https:\/\/iqtradingpro.com\/it\/informazioni-su-iq-option\/","title":{"rendered":"Informazioni su IQ Option"},"content":{"rendered":"<h2>Cosa fa IQ Option ?<\/h2>\n<p>Se sei nuovo sul nostro sito web, potresti chiederti, cos&#8217;\u00e8 IQ Option e come funziona? Questo articolo risponder\u00e0 a tutte le domande di base che potresti avere, in modo da poter iniziare il tuo viaggio come trader.<\/p>\n<h2>Di cosa tratta IQ Option ?<\/h2>\n<p>IQ Option \u00e8 una piattaforma di trading in cui puoi negoziare un&#8217;ampia variet\u00e0 di strumenti. Tra questi ci sono CFD su Forex, Crypto, Azioni, Materie prime, Indici ed ETF. Puoi trovare gli asset disponibili per il trading nella <em>scheda Assets<\/em> e controllare l&#8217;andamento dei prezzi e gli orari di trading.<\/p>\n<p>IQ Option \u00e8 basato su contratti per differenza (CFD). <em>Significa che aprendo una trattativa sulla piattaforma, avrai un esito basato sulle variazioni del prezzo dell&#8217;asset senza acquisirlo.<\/em> Quando apri una trattativa sulla piattaforma, fai una previsione sulla direzione dell&#8217;andamento del prezzo e apri una trattativa di conseguenza (clicca su <em>ACQUISTA<\/em> o <em>VENDI<\/em> ). Il risultato dell&#8217;accordo dipender\u00e0 dalla direzione scelta dal trader e dall&#8217;effettiva direzione in cui si muove il prezzo.<\/p>\n<figure class=\"wp-block-image\"><img decoding=\"async\" class=\"wp-image-45304\" src=\"https:\/\/blog.iqoption.com\/wp-content\/uploads\/2019\/04\/tg_image_1168761917-1024x512.jpeg\" sizes=\"(max-width: 1024px) 100vw, 1024px\" srcset=\"https:\/\/blog.iqoption.com\/wp-content\/uploads\/2019\/04\/tg_image_1168761917-1024x512.jpeg 1024w, https:\/\/blog.iqoption.com\/wp-content\/uploads\/2019\/04\/tg_image_1168761917-300x150.jpeg 300w, https:\/\/blog.iqoption.com\/wp-content\/uploads\/2019\/04\/tg_image_1168761917-1000x500.jpeg 1000w, https:\/\/blog.iqoption.com\/wp-content\/uploads\/2019\/04\/tg_image_1168761917-400x200@2x.jpeg 800w, https:\/\/blog.iqoption.com\/wp-content\/uploads\/2019\/04\/tg_image_1168761917-600x300.jpeg 600w, https:\/\/blog.iqoption.com\/wp-content\/uploads\/2019\/04\/tg_image_1168761917-400x200.jpeg 400w, https:\/\/blog.iqoption.com\/wp-content\/uploads\/2019\/04\/tg_image_1168761917-560x280.jpeg 560w, https:\/\/blog.iqoption.com\/wp-content\/uploads\/2019\/04\/tg_image_1168761917.jpeg 1800w, https:\/\/blog.iqoption.com\/wp-content\/uploads\/2019\/04\/tg_image_1168761917-800x400@2x.jpeg 1600w, https:\/\/blog.iqoption.com\/wp-content\/uploads\/2019\/04\/tg_image_1168761917-600x300@2x.jpeg 1200w, https:\/\/blog.iqoption.com\/wp-content\/uploads\/2019\/04\/tg_image_1168761917-560x280@2x.jpeg 1120w\" alt=\"&lt;span class =\" \/> Grafico dei prezzi IQ Option &#8220;width =&#8221; 1024 &#8220;height =&#8221; 512 &#8220;\/&gt;<figcaption>Trade room con grafico dei prezzi EUR \/ USD e indicatore MACD<\/figcaption><\/figure>\n<h2>Come iniziare a fare trading con IQ Option ?<\/h2>\n<p>Per iniziare a fare trading, prima di tutto devi creare un account sulla piattaforma. Per farlo, registrati nella pagina principale del sito e inserisci le informazioni necessarie (nome, cognome, indirizzo email, password, numero di telefono, nazione, data di nascita). Una volta che hai il tuo account, puoi iniziare a usarlo.<\/p>\n<p style=\"text-align:center;padding-top:16px\"><a href=\"https:\/\/iqtradingpro.com\/go\/register-iq-option\/\" style=\"color:#FFFFFF;background-color:#fd7823;border-color:#d56300;border-radius:10px;-moz-border-radius:10px;-webkit-border-radius:10px;display: inline-block !important;text-align: center;text-decoration: none !important;box-sizing: content-box !important;-webkit-transition: all .2s;transition: all .2s;border-width: 1px;border-style: solid;\" target=\"_blank\" rel=\"nofollow\" title=\"Registra IQ Option\"><span style=\"color:#FFFFFF;padding:0px 15px;font-size:16px;line-height:32px;border-color:#fd7823;border-radius:10px;-moz-border-radius:10px;-webkit-border-radius:10px;text-shadow:none;-moz-text-shadow:none;-webkit-text-shadow:none;border-top-width: 1px;border-bottom-width: 1px;border-top-style: solid;border-bottom-style: solid;display: block !important;text-decoration: none !important;box-sizing: content-box !important;-webkit-transition: all .2s;transition: all .2s;\"> Registra IQ Option e ricevi $10.000 gratuiti <small style=\"padding-bottom:7px;color:#FFFFFF;display: block;font-style: normal;font-size: .8em;line-height: 1;opacity:.7\">Risk warning: Your capital might be at risk.<\/small><\/span><\/a><\/p>\n<p>Prima di tutto, devi conoscere tutte le diverse funzionalit\u00e0 della piattaforma e provarle. \u00c8 qui che l&#8217;account di esercitazione torna utile. Offre $ 10.000 di denaro per esercitarsi gratuitamente e puoi utilizzare questi fondi per decidere quali asset vuoi scambiare e quali strategie funzionano per te. Puoi accedervi entrando nella trade room, dove potrai aprire affari e fare nuovi investimenti. Puoi anche accedere alla piattaforma da un&#8217;app desktop o mobile.<\/p>\n<p>In secondo luogo, potresti trovare molte informazioni utili sul nostro sito web. Abbiamo video tutorial che puoi guardare, in cui viene spiegato ogni strumento, nonch\u00e9 alcuni modelli, indicatori e strategie. Molte domande trovano risposta nelle nostre FAQ e nel nostro blog (quello che stai leggendo in questo momento). Il blog offre anche numerosi articoli sulle strategie di trading, quindi puoi controllare tutte le sue sezioni.<\/p>\n<figure class=\"wp-block-image\"><img decoding=\"async\" class=\"wp-image-45323\" src=\"https:\/\/blog.iqoption.com\/wp-content\/uploads\/2019\/04\/tg_image_193553496-1024x512.jpeg\" sizes=\"(max-width: 1024px) 100vw, 1024px\" srcset=\"https:\/\/blog.iqoption.com\/wp-content\/uploads\/2019\/04\/tg_image_193553496-1024x512.jpeg 1024w, https:\/\/blog.iqoption.com\/wp-content\/uploads\/2019\/04\/tg_image_193553496-300x150.jpeg 300w, https:\/\/blog.iqoption.com\/wp-content\/uploads\/2019\/04\/tg_image_193553496-1000x500.jpeg 1000w, https:\/\/blog.iqoption.com\/wp-content\/uploads\/2019\/04\/tg_image_193553496-400x200@2x.jpeg 800w, https:\/\/blog.iqoption.com\/wp-content\/uploads\/2019\/04\/tg_image_193553496-600x300.jpeg 600w, https:\/\/blog.iqoption.com\/wp-content\/uploads\/2019\/04\/tg_image_193553496-400x200.jpeg 400w, https:\/\/blog.iqoption.com\/wp-content\/uploads\/2019\/04\/tg_image_193553496-560x280.jpeg 560w, https:\/\/blog.iqoption.com\/wp-content\/uploads\/2019\/04\/tg_image_193553496.jpeg 1800w, https:\/\/blog.iqoption.com\/wp-content\/uploads\/2019\/04\/tg_image_193553496-800x400@2x.jpeg 1600w, https:\/\/blog.iqoption.com\/wp-content\/uploads\/2019\/04\/tg_image_193553496-600x300@2x.jpeg 1200w, https:\/\/blog.iqoption.com\/wp-content\/uploads\/2019\/04\/tg_image_193553496-560x280@2x.jpeg 1120w\" alt=\"Alligator e altri indicatori sulla &lt;span class =\" \/> Piattaforma IQ Option &#8220;width =&#8221; 1024 &#8220;height =&#8221; 512 &#8220;\/&gt;<figcaption>Alligator nella scheda &#8220;Indicatori&#8221; sulla piattaforma<\/figcaption><\/figure>\n<h2>&#8220;Quanti soldi paghi?&#8221;<\/h2>\n<p>Non esiste un importo fisso di pagamento garantito a ciascun trader. <em>Il pagamento dipende interamente dalla tua strategia e conoscenza e dall&#8217;importo dell&#8217;investimento.<\/em> Certo, puoi sempre prelevare tutti i fondi dalla piattaforma, in qualsiasi momento. Per farlo, devi creare una richiesta di prelievo e superare il processo di verifica. Tuttavia, l&#8217;importo che guadagnerai dipender\u00e0 da te ed \u00e8 per questo che \u00e8 importante informarti sul mercato, in modo da poter prendere decisioni di investimento migliori.<\/p>\n<p>Lungo la strada avrai sicuramente ulteriori domande, ma si spera che ora tu capisca il modo in cui la piattaforma funziona un po &#8216;meglio. Usa tutti i link utili a tuo vantaggio e non esitare a contattare il supporto se hai bisogno di assistenza.<\/p>\n<p style=\"text-align:center;padding-top:16px\"><a href=\"https:\/\/iqtradingpro.com\/go\/register-iq-option\/\" style=\"color:#FFFFFF;background-color:#fd7823;border-color:#d56300;border-radius:10px;-moz-border-radius:10px;-webkit-border-radius:10px;display: inline-block !important;text-align: center;text-decoration: none !important;box-sizing: content-box !important;-webkit-transition: all .2s;transition: all .2s;border-width: 1px;border-style: solid;\" target=\"_blank\" rel=\"nofollow\" title=\"Registra IQ Option\"><span style=\"color:#FFFFFF;padding:0px 15px;font-size:16px;line-height:32px;border-color:#fd7823;border-radius:10px;-moz-border-radius:10px;-webkit-border-radius:10px;text-shadow:none;-moz-text-shadow:none;-webkit-text-shadow:none;border-top-width: 1px;border-bottom-width: 1px;border-top-style: solid;border-bottom-style: solid;display: block !important;text-decoration: none !important;box-sizing: content-box !important;-webkit-transition: all .2s;transition: all .2s;\"> Registra IQ Option e ricevi $10.000 gratuiti <small style=\"padding-bottom:7px;color:#FFFFFF;display: block;font-style: normal;font-size: .8em;line-height: 1;opacity:.7\">Risk warning: Your capital might be at risk.<\/small><\/span><\/a><\/p>\n","protected":false},"excerpt":{"rendered":"<p>Cosa fa IQ Option ? Se sei nuovo sul nostro sito web, potresti chiederti, cos&#8217;\u00e8 IQ Option e come funziona? Questo articolo risponder\u00e0 a tutte le domande di base che potresti avere, in modo da poter iniziare il tuo viaggio come trader. Di cosa tratta IQ Option ? IQ Option \u00e8 una piattaforma di trading [&hellip;]<\/p>\n","protected":false},"author":1,"featured_media":4582,"parent":0,"menu_order":0,"comment_status":"closed","ping_status":"closed","template":"","meta":{"jetpack_post_was_ever_published":false,"footnotes":""},"class_list":["post-4579","page","type-page","status-publish","has-post-thumbnail","hentry"],"yoast_head":"<!-- This site is optimized with the Yoast SEO Premium plugin v20.5 (Yoast SEO v26.1.1) - https:\/\/yoast.com\/wordpress\/plugins\/seo\/ -->\n<title>Informazioni su IQ Option - IQ Option Trading Pro<\/title>\n<meta name=\"description\" content=\"Cosa fa IQ Option ? Se sei nuovo sul nostro sito web, potresti chiederti, cos&#039;\u00e8 IQ Option e come funziona? Questo articolo risponder\u00e0 a tutte le domande\" \/>\n<meta name=\"robots\" content=\"index, follow, max-snippet:-1, max-image-preview:large, max-video-preview:-1\" \/>\n<link rel=\"canonical\" href=\"https:\/\/iqtradingpro.com\/it\/informazioni-su-iq-option\/\" \/>\n<meta property=\"og:locale\" content=\"it_IT\" \/>\n<meta property=\"og:type\" content=\"article\" \/>\n<meta property=\"og:title\" content=\"Informazioni su IQ Option\" \/>\n<meta property=\"og:description\" content=\"Cosa fa IQ Option ? Se sei nuovo sul nostro sito web, potresti chiederti, cos&#039;\u00e8 IQ Option e come funziona? Questo articolo risponder\u00e0 a tutte le domande\" \/>\n<meta property=\"og:url\" content=\"https:\/\/iqtradingpro.com\/it\/informazioni-su-iq-option\/\" \/>\n<meta property=\"og:site_name\" content=\"IQ Option Trading Pro\" \/>\n<meta property=\"article:publisher\" content=\"https:\/\/www.facebook.com\/IQTradingPro\/\" \/>\n<meta property=\"article:modified_time\" content=\"2021-05-19T11:09:16+00:00\" \/>\n<meta property=\"og:image\" content=\"https:\/\/iqtradingpro.com\/wp-content\/uploads\/2020\/11\/make-money-safely-with-the-tweezer-candlestick-pattern-in-iq-option.jpg\" \/>\n\t<meta property=\"og:image:width\" content=\"1280\" \/>\n\t<meta property=\"og:image:height\" content=\"720\" \/>\n\t<meta property=\"og:image:type\" content=\"image\/jpeg\" \/>\n<meta name=\"twitter:card\" content=\"summary_large_image\" \/>\n<meta name=\"twitter:label1\" content=\"Tempo di lettura stimato\" \/>\n\t<meta name=\"twitter:data1\" content=\"3 minuti\" \/>\n<script type=\"application\/ld+json\" class=\"yoast-schema-graph\">{\"@context\":\"https:\/\/schema.org\",\"@graph\":[{\"@type\":\"WebPage\",\"@id\":\"https:\/\/iqtradingpro.com\/it\/informazioni-su-iq-option\/\",\"url\":\"https:\/\/iqtradingpro.com\/it\/informazioni-su-iq-option\/\",\"name\":\"Informazioni su IQ Option - IQ Option Trading Pro\",\"isPartOf\":{\"@id\":\"https:\/\/iqtradingpro.com\/it\/#website\"},\"primaryImageOfPage\":{\"@id\":\"https:\/\/iqtradingpro.com\/it\/informazioni-su-iq-option\/#primaryimage\"},\"image\":{\"@id\":\"https:\/\/iqtradingpro.com\/it\/informazioni-su-iq-option\/#primaryimage\"},\"thumbnailUrl\":\"https:\/\/iqtradingpro.com\/wp-content\/uploads\/2020\/11\/make-money-safely-with-the-tweezer-candlestick-pattern-in-iq-option.jpg\",\"datePublished\":\"2021-05-19T07:14:48+00:00\",\"dateModified\":\"2021-05-19T11:09:16+00:00\",\"description\":\"Cosa fa IQ Option ? Se sei nuovo sul nostro sito web, potresti chiederti, cos'\u00e8 IQ Option e come funziona? Questo articolo risponder\u00e0 a tutte le domande\",\"breadcrumb\":{\"@id\":\"https:\/\/iqtradingpro.com\/it\/informazioni-su-iq-option\/#breadcrumb\"},\"inLanguage\":\"it-IT\",\"potentialAction\":[{\"@type\":\"ReadAction\",\"target\":[\"https:\/\/iqtradingpro.com\/it\/informazioni-su-iq-option\/\"]}]},{\"@type\":\"ImageObject\",\"inLanguage\":\"it-IT\",\"@id\":\"https:\/\/iqtradingpro.com\/it\/informazioni-su-iq-option\/#primaryimage\",\"url\":\"https:\/\/iqtradingpro.com\/wp-content\/uploads\/2020\/11\/make-money-safely-with-the-tweezer-candlestick-pattern-in-iq-option.jpg\",\"contentUrl\":\"https:\/\/iqtradingpro.com\/wp-content\/uploads\/2020\/11\/make-money-safely-with-the-tweezer-candlestick-pattern-in-iq-option.jpg\",\"width\":1280,\"height\":720,\"caption\":\"Make money safely with the Tweezer candlestick pattern in IQ Option\"},{\"@type\":\"BreadcrumbList\",\"@id\":\"https:\/\/iqtradingpro.com\/it\/informazioni-su-iq-option\/#breadcrumb\",\"itemListElement\":[{\"@type\":\"ListItem\",\"position\":1,\"name\":\"Home\",\"item\":\"https:\/\/iqtradingpro.com\/it\/\"},{\"@type\":\"ListItem\",\"position\":2,\"name\":\"Informazioni su IQ Option\"}]},{\"@type\":\"WebSite\",\"@id\":\"https:\/\/iqtradingpro.com\/it\/#website\",\"url\":\"https:\/\/iqtradingpro.com\/it\/\",\"name\":\"IQ Option Trading Pro\",\"description\":\"Sharing trading experience at IQ Option\",\"publisher\":{\"@id\":\"https:\/\/iqtradingpro.com\/it\/#organization\"},\"potentialAction\":[{\"@type\":\"SearchAction\",\"target\":{\"@type\":\"EntryPoint\",\"urlTemplate\":\"https:\/\/iqtradingpro.com\/it\/?s={search_term_string}\"},\"query-input\":{\"@type\":\"PropertyValueSpecification\",\"valueRequired\":true,\"valueName\":\"search_term_string\"}}],\"inLanguage\":\"it-IT\"},{\"@type\":\"Organization\",\"@id\":\"https:\/\/iqtradingpro.com\/it\/#organization\",\"name\":\"IQ Option Trading Pro\",\"url\":\"https:\/\/iqtradingpro.com\/it\/\",\"logo\":{\"@type\":\"ImageObject\",\"inLanguage\":\"it-IT\",\"@id\":\"https:\/\/iqtradingpro.com\/it\/#\/schema\/logo\/image\/\",\"url\":\"https:\/\/iqtradingpro.com\/wp-content\/uploads\/2019\/09\/iqtradingpro_banner.jpg\",\"contentUrl\":\"https:\/\/iqtradingpro.com\/wp-content\/uploads\/2019\/09\/iqtradingpro_banner.jpg\",\"width\":1193,\"height\":750,\"caption\":\"IQ Option Trading Pro\"},\"image\":{\"@id\":\"https:\/\/iqtradingpro.com\/it\/#\/schema\/logo\/image\/\"},\"sameAs\":[\"https:\/\/www.facebook.com\/IQTradingPro\/\",\"https:\/\/www.linkedin.com\/in\/iqtradingpro\/\",\"https:\/\/www.pinterest.com\/IQTradingPro\/\"]}]}<\/script>\n<!-- \/ Yoast SEO Premium plugin. -->","yoast_head_json":{"title":"Informazioni su IQ Option - IQ Option Trading Pro","description":"Cosa fa IQ Option ? Se sei nuovo sul nostro sito web, potresti chiederti, cos'\u00e8 IQ Option e come funziona? Questo articolo risponder\u00e0 a tutte le domande","robots":{"index":"index","follow":"follow","max-snippet":"max-snippet:-1","max-image-preview":"max-image-preview:large","max-video-preview":"max-video-preview:-1"},"canonical":"https:\/\/iqtradingpro.com\/it\/informazioni-su-iq-option\/","og_locale":"it_IT","og_type":"article","og_title":"Informazioni su IQ Option","og_description":"Cosa fa IQ Option ? Se sei nuovo sul nostro sito web, potresti chiederti, cos'\u00e8 IQ Option e come funziona? Questo articolo risponder\u00e0 a tutte le domande","og_url":"https:\/\/iqtradingpro.com\/it\/informazioni-su-iq-option\/","og_site_name":"IQ Option Trading Pro","article_publisher":"https:\/\/www.facebook.com\/IQTradingPro\/","article_modified_time":"2021-05-19T11:09:16+00:00","og_image":[{"width":1280,"height":720,"url":"https:\/\/iqtradingpro.com\/wp-content\/uploads\/2020\/11\/make-money-safely-with-the-tweezer-candlestick-pattern-in-iq-option.jpg","type":"image\/jpeg"}],"twitter_card":"summary_large_image","twitter_misc":{"Tempo di lettura stimato":"3 minuti"},"schema":{"@context":"https:\/\/schema.org","@graph":[{"@type":"WebPage","@id":"https:\/\/iqtradingpro.com\/it\/informazioni-su-iq-option\/","url":"https:\/\/iqtradingpro.com\/it\/informazioni-su-iq-option\/","name":"Informazioni su IQ Option - IQ Option Trading Pro","isPartOf":{"@id":"https:\/\/iqtradingpro.com\/it\/#website"},"primaryImageOfPage":{"@id":"https:\/\/iqtradingpro.com\/it\/informazioni-su-iq-option\/#primaryimage"},"image":{"@id":"https:\/\/iqtradingpro.com\/it\/informazioni-su-iq-option\/#primaryimage"},"thumbnailUrl":"https:\/\/iqtradingpro.com\/wp-content\/uploads\/2020\/11\/make-money-safely-with-the-tweezer-candlestick-pattern-in-iq-option.jpg","datePublished":"2021-05-19T07:14:48+00:00","dateModified":"2021-05-19T11:09:16+00:00","description":"Cosa fa IQ Option ? Se sei nuovo sul nostro sito web, potresti chiederti, cos'\u00e8 IQ Option e come funziona? Questo articolo risponder\u00e0 a tutte le domande","breadcrumb":{"@id":"https:\/\/iqtradingpro.com\/it\/informazioni-su-iq-option\/#breadcrumb"},"inLanguage":"it-IT","potentialAction":[{"@type":"ReadAction","target":["https:\/\/iqtradingpro.com\/it\/informazioni-su-iq-option\/"]}]},{"@type":"ImageObject","inLanguage":"it-IT","@id":"https:\/\/iqtradingpro.com\/it\/informazioni-su-iq-option\/#primaryimage","url":"https:\/\/iqtradingpro.com\/wp-content\/uploads\/2020\/11\/make-money-safely-with-the-tweezer-candlestick-pattern-in-iq-option.jpg","contentUrl":"https:\/\/iqtradingpro.com\/wp-content\/uploads\/2020\/11\/make-money-safely-with-the-tweezer-candlestick-pattern-in-iq-option.jpg","width":1280,"height":720,"caption":"Make money safely with the Tweezer candlestick pattern in IQ Option"},{"@type":"BreadcrumbList","@id":"https:\/\/iqtradingpro.com\/it\/informazioni-su-iq-option\/#breadcrumb","itemListElement":[{"@type":"ListItem","position":1,"name":"Home","item":"https:\/\/iqtradingpro.com\/it\/"},{"@type":"ListItem","position":2,"name":"Informazioni su IQ Option"}]},{"@type":"WebSite","@id":"https:\/\/iqtradingpro.com\/it\/#website","url":"https:\/\/iqtradingpro.com\/it\/","name":"IQ Option Trading Pro","description":"Sharing trading experience at IQ Option","publisher":{"@id":"https:\/\/iqtradingpro.com\/it\/#organization"},"potentialAction":[{"@type":"SearchAction","target":{"@type":"EntryPoint","urlTemplate":"https:\/\/iqtradingpro.com\/it\/?s={search_term_string}"},"query-input":{"@type":"PropertyValueSpecification","valueRequired":true,"valueName":"search_term_string"}}],"inLanguage":"it-IT"},{"@type":"Organization","@id":"https:\/\/iqtradingpro.com\/it\/#organization","name":"IQ Option Trading Pro","url":"https:\/\/iqtradingpro.com\/it\/","logo":{"@type":"ImageObject","inLanguage":"it-IT","@id":"https:\/\/iqtradingpro.com\/it\/#\/schema\/logo\/image\/","url":"https:\/\/iqtradingpro.com\/wp-content\/uploads\/2019\/09\/iqtradingpro_banner.jpg","contentUrl":"https:\/\/iqtradingpro.com\/wp-content\/uploads\/2019\/09\/iqtradingpro_banner.jpg","width":1193,"height":750,"caption":"IQ Option Trading Pro"},"image":{"@id":"https:\/\/iqtradingpro.com\/it\/#\/schema\/logo\/image\/"},"sameAs":["https:\/\/www.facebook.com\/IQTradingPro\/","https:\/\/www.linkedin.com\/in\/iqtradingpro\/","https:\/\/www.pinterest.com\/IQTradingPro\/"]}]}},"jetpack_shortlink":"https:\/\/wp.me\/PbhGdF-1bR","jetpack_sharing_enabled":true,"amp_enabled":true,"_links":{"self":[{"href":"https:\/\/iqtradingpro.com\/it\/wp-json\/wp\/v2\/pages\/4579","targetHints":{"allow":["GET"]}}],"collection":[{"href":"https:\/\/iqtradingpro.com\/it\/wp-json\/wp\/v2\/pages"}],"about":[{"href":"https:\/\/iqtradingpro.com\/it\/wp-json\/wp\/v2\/types\/page"}],"author":[{"embeddable":true,"href":"https:\/\/iqtradingpro.com\/it\/wp-json\/wp\/v2\/users\/1"}],"replies":[{"embeddable":true,"href":"https:\/\/iqtradingpro.com\/it\/wp-json\/wp\/v2\/comments?post=4579"}],"version-history":[{"count":2,"href":"https:\/\/iqtradingpro.com\/it\/wp-json\/wp\/v2\/pages\/4579\/revisions"}],"predecessor-version":[{"id":4581,"href":"https:\/\/iqtradingpro.com\/it\/wp-json\/wp\/v2\/pages\/4579\/revisions\/4581"}],"wp:featuredmedia":[{"embeddable":true,"href":"https:\/\/iqtradingpro.com\/it\/wp-json\/wp\/v2\/media\/4582"}],"wp:attachment":[{"href":"https:\/\/iqtradingpro.com\/it\/wp-json\/wp\/v2\/media?parent=4579"}],"curies":[{"name":"wp","href":"https:\/\/api.w.org\/{rel}","templated":true}]}}