{"id":4604,"date":"2021-05-19T07:14:48","date_gmt":"2021-05-19T07:14:48","guid":{"rendered":"https:\/\/iqtradingpro.com\/?page_id=4604"},"modified":"2021-05-19T11:19:24","modified_gmt":"2021-05-19T11:19:24","slug":"acerca-de-iq-option","status":"publish","type":"page","link":"https:\/\/iqtradingpro.com\/es\/acerca-de-iq-option\/","title":{"rendered":"Acerca de IQ Option"},"content":{"rendered":"<h2>\u00bfQu\u00e9 hace IQ Option ?<\/h2>\n<p>Si es nuevo en nuestro sitio web, puede preguntarse, \u00bfqu\u00e9 es IQ Option y c\u00f3mo funciona? Este art\u00edculo responder\u00e1 a todas las preguntas b\u00e1sicas que pueda tener, para que pueda comenzar su viaje como comerciante.<\/p>\n<h2>\u00bfDe qu\u00e9 se trata IQ Option ?<\/h2>\n<p>IQ Option es una plataforma de negociaci\u00f3n en la que puede operar con una amplia variedad de instrumentos. Entre ellos se encuentran los CFD sobre Forex, Crypto, acciones, materias primas, \u00edndices y ETF. Puede encontrar los activos disponibles para negociar en la <em>pesta\u00f1a Activos<\/em> y comprobar el rendimiento del precio, as\u00ed como el horario de negociaci\u00f3n.<\/p>\n<p>IQ Option basa en un contrato por diferencia (CFD). <em>Significa que al abrir un trato en la plataforma, tendr\u00e1 un resultado basado en los cambios del precio del activo sin adquirirlo.<\/em> Al abrir un trato en la plataforma, hace una predicci\u00f3n sobre la direcci\u00f3n del desarrollo del precio y abre un trato correspondientemente (haga clic en <em>COMPRAR<\/em> o <em>VENDER<\/em> ). El resultado del trato depender\u00e1 de la direcci\u00f3n que elija el comerciante y la direcci\u00f3n real en la que se mueva el precio.<\/p>\n<figure class=\"wp-block-image\"><img decoding=\"async\" class=\"wp-image-45304\" src=\"https:\/\/blog.iqoption.com\/wp-content\/uploads\/2019\/04\/tg_image_1168761917-1024x512.jpeg\" sizes=\"(max-width: 1024px) 100vw, 1024px\" srcset=\"https:\/\/blog.iqoption.com\/wp-content\/uploads\/2019\/04\/tg_image_1168761917-1024x512.jpeg 1024w, https:\/\/blog.iqoption.com\/wp-content\/uploads\/2019\/04\/tg_image_1168761917-300x150.jpeg 300w, https:\/\/blog.iqoption.com\/wp-content\/uploads\/2019\/04\/tg_image_1168761917-1000x500.jpeg 1000w, https:\/\/blog.iqoption.com\/wp-content\/uploads\/2019\/04\/tg_image_1168761917-400x200@2x.jpeg 800w, https:\/\/blog.iqoption.com\/wp-content\/uploads\/2019\/04\/tg_image_1168761917-600x300.jpeg 600w, https:\/\/blog.iqoption.com\/wp-content\/uploads\/2019\/04\/tg_image_1168761917-400x200.jpeg 400w, https:\/\/blog.iqoption.com\/wp-content\/uploads\/2019\/04\/tg_image_1168761917-560x280.jpeg 560w, https:\/\/blog.iqoption.com\/wp-content\/uploads\/2019\/04\/tg_image_1168761917.jpeg 1800w, https:\/\/blog.iqoption.com\/wp-content\/uploads\/2019\/04\/tg_image_1168761917-800x400@2x.jpeg 1600w, https:\/\/blog.iqoption.com\/wp-content\/uploads\/2019\/04\/tg_image_1168761917-600x300@2x.jpeg 1200w, https:\/\/blog.iqoption.com\/wp-content\/uploads\/2019\/04\/tg_image_1168761917-560x280@2x.jpeg 1120w\" alt=\"&lt;clase de intervalo =\" \/> Gr\u00e1fico de precios de Heikin Ashi IQ Option \u00abancho =\u00bb 1024 \u00abalto =\u00bb 512 \u00ab\/&gt;<figcaption>Sala de operaciones con un gr\u00e1fico de precios EUR \/ USD e indicador MACD<\/figcaption><\/figure>\n<h2>\u00bfC\u00f3mo empezar a operar con IQ Option ?<\/h2>\n<p>Para comenzar a operar, primero debe crear una cuenta en la plataforma. Para ello, reg\u00edstrese en la p\u00e1gina principal del sitio web y complete la informaci\u00f3n necesaria (nombre, apellido, direcci\u00f3n de correo electr\u00f3nico, contrase\u00f1a, n\u00famero de tel\u00e9fono, pa\u00eds, fecha de nacimiento). Una vez que tenga su cuenta, puede comenzar a usarla.<\/p>\n<p style=\"text-align:center;padding-top:16px\"><a href=\"https:\/\/iqtradingpro.com\/go\/register-iq-option\/\" style=\"color:#FFFFFF;background-color:#fd7823;border-color:#d56300;border-radius:10px;-moz-border-radius:10px;-webkit-border-radius:10px;display: inline-block !important;text-align: center;text-decoration: none !important;box-sizing: content-box !important;-webkit-transition: all .2s;transition: all .2s;border-width: 1px;border-style: solid;\" target=\"_blank\" rel=\"nofollow\" title=\"Registrar la IQ Option\"><span style=\"color:#FFFFFF;padding:0px 15px;font-size:16px;line-height:32px;border-color:#fd7823;border-radius:10px;-moz-border-radius:10px;-webkit-border-radius:10px;text-shadow:none;-moz-text-shadow:none;-webkit-text-shadow:none;border-top-width: 1px;border-bottom-width: 1px;border-top-style: solid;border-bottom-style: solid;display: block !important;text-decoration: none !important;box-sizing: content-box !important;-webkit-transition: all .2s;transition: all .2s;\"> Registre IQ Option y obtenga $10,000 gratis <small style=\"padding-bottom:7px;color:#FFFFFF;display: block;font-style: normal;font-size: .8em;line-height: 1;opacity:.7\">Risk warning: Your capital might be at risk.<\/small><\/span><\/a><\/p>\n<p>En primer lugar, debe conocer las diferentes caracter\u00edsticas de la plataforma y probarlas. Aqu\u00ed es donde la cuenta de pr\u00e1ctica resulta \u00fatil. Ofrece $ 10 000 de dinero de pr\u00e1ctica de forma gratuita y puede usar estos fondos para decidir qu\u00e9 activos desea negociar y qu\u00e9 estrategias funcionan para usted. Puede acceder a \u00e9l ingresando a la sala de operaciones, donde podr\u00e1 abrir tratos y realizar nuevas inversiones. Tambi\u00e9n puede acceder a la plataforma desde una aplicaci\u00f3n de escritorio o m\u00f3vil.<\/p>\n<p>En segundo lugar, puede encontrar mucha informaci\u00f3n \u00fatil en nuestro sitio web. Contamos con videos tutoriales que puedes ver, donde se explica cada instrumento as\u00ed como algunos patrones, indicadores y estrategias. Muchas preguntas se responden en nuestras preguntas frecuentes y en nuestro blog (el que est\u00e1 leyendo ahora mismo). El blog tambi\u00e9n ofrece numerosos art\u00edculos sobre estrategias comerciales, por lo que puede consultar todas sus secciones.<\/p>\n<figure class=\"wp-block-image\"><img decoding=\"async\" class=\"wp-image-45323\" src=\"https:\/\/blog.iqoption.com\/wp-content\/uploads\/2019\/04\/tg_image_193553496-1024x512.jpeg\" sizes=\"(max-width: 1024px) 100vw, 1024px\" srcset=\"https:\/\/blog.iqoption.com\/wp-content\/uploads\/2019\/04\/tg_image_193553496-1024x512.jpeg 1024w, https:\/\/blog.iqoption.com\/wp-content\/uploads\/2019\/04\/tg_image_193553496-300x150.jpeg 300w, https:\/\/blog.iqoption.com\/wp-content\/uploads\/2019\/04\/tg_image_193553496-1000x500.jpeg 1000w, https:\/\/blog.iqoption.com\/wp-content\/uploads\/2019\/04\/tg_image_193553496-400x200@2x.jpeg 800w, https:\/\/blog.iqoption.com\/wp-content\/uploads\/2019\/04\/tg_image_193553496-600x300.jpeg 600w, https:\/\/blog.iqoption.com\/wp-content\/uploads\/2019\/04\/tg_image_193553496-400x200.jpeg 400w, https:\/\/blog.iqoption.com\/wp-content\/uploads\/2019\/04\/tg_image_193553496-560x280.jpeg 560w, https:\/\/blog.iqoption.com\/wp-content\/uploads\/2019\/04\/tg_image_193553496.jpeg 1800w, https:\/\/blog.iqoption.com\/wp-content\/uploads\/2019\/04\/tg_image_193553496-800x400@2x.jpeg 1600w, https:\/\/blog.iqoption.com\/wp-content\/uploads\/2019\/04\/tg_image_193553496-600x300@2x.jpeg 1200w, https:\/\/blog.iqoption.com\/wp-content\/uploads\/2019\/04\/tg_image_193553496-560x280@2x.jpeg 1120w\" alt=\"Cocodrilo y otros indicadores en la &lt;clase span =\" \/> Plataforma de IQ Option \u00abancho =\u00bb 1024 \u00abalto =\u00bb 512 \u00ab\/&gt;<figcaption>Cocodrilo en la pesta\u00f1a &#8216;Indicadores&#8217; de la plataforma<\/figcaption><\/figure>\n<h2>\u00ab\u00bfCu\u00e1nto dinero pagas?\u00bb<\/h2>\n<p>No hay una cantidad fija de pago garantizada para cada comerciante. <em>El pago depende completamente de su estrategia y conocimiento y del monto de la inversi\u00f3n.<\/em> Por supuesto, siempre puedes retirar todos los fondos de la plataforma, en cualquier momento. Para hacer eso, debe crear una solicitud de retiro y pasar el proceso de verificaci\u00f3n. Sin embargo, la cantidad que ganes depender\u00e1 de ti y por eso es importante informarte sobre el mercado, para que puedas tomar mejores decisiones de inversi\u00f3n.<\/p>\n<p>En el futuro, definitivamente tendr\u00e1 preguntas adicionales, pero es de esperar que ahora comprenda un poco mejor la forma en que funciona la plataforma. Utilice todos los enlaces \u00fatiles para su ventaja y no dude en ponerse en contacto con el Soporte si necesita ayuda.<\/p>\n<p style=\"text-align:center;padding-top:16px\"><a href=\"https:\/\/iqtradingpro.com\/go\/register-iq-option\/\" style=\"color:#FFFFFF;background-color:#fd7823;border-color:#d56300;border-radius:10px;-moz-border-radius:10px;-webkit-border-radius:10px;display: inline-block !important;text-align: center;text-decoration: none !important;box-sizing: content-box !important;-webkit-transition: all .2s;transition: all .2s;border-width: 1px;border-style: solid;\" target=\"_blank\" rel=\"nofollow\" title=\"Registrar la IQ Option\"><span style=\"color:#FFFFFF;padding:0px 15px;font-size:16px;line-height:32px;border-color:#fd7823;border-radius:10px;-moz-border-radius:10px;-webkit-border-radius:10px;text-shadow:none;-moz-text-shadow:none;-webkit-text-shadow:none;border-top-width: 1px;border-bottom-width: 1px;border-top-style: solid;border-bottom-style: solid;display: block !important;text-decoration: none !important;box-sizing: content-box !important;-webkit-transition: all .2s;transition: all .2s;\"> Registre IQ Option y obtenga $10,000 gratis <small style=\"padding-bottom:7px;color:#FFFFFF;display: block;font-style: normal;font-size: .8em;line-height: 1;opacity:.7\">Risk warning: Your capital might be at risk.<\/small><\/span><\/a><\/p>\n","protected":false},"excerpt":{"rendered":"<p>\u00bfQu\u00e9 hace IQ Option ? Si es nuevo en nuestro sitio web, puede preguntarse, \u00bfqu\u00e9 es IQ Option y c\u00f3mo funciona? Este art\u00edculo responder\u00e1 a todas las preguntas b\u00e1sicas que pueda tener, para que pueda comenzar su viaje como comerciante. \u00bfDe qu\u00e9 se trata IQ Option ? IQ Option es una plataforma de negociaci\u00f3n en [&hellip;]<\/p>\n","protected":false},"author":1,"featured_media":4607,"parent":0,"menu_order":0,"comment_status":"closed","ping_status":"closed","template":"","meta":{"jetpack_post_was_ever_published":false,"footnotes":""},"class_list":["post-4604","page","type-page","status-publish","has-post-thumbnail","hentry"],"yoast_head":"<!-- This site is optimized with the Yoast SEO Premium plugin v20.5 (Yoast SEO v26.1.1) - https:\/\/yoast.com\/wordpress\/plugins\/seo\/ -->\n<title>Acerca de IQ Option - IQ Option Trading Pro<\/title>\n<meta name=\"description\" content=\"\u00bfQu\u00e9 hace IQ Option ? Si es nuevo en nuestro sitio web, puede preguntarse, \u00bfqu\u00e9 es IQ Option y c\u00f3mo funciona? Este art\u00edculo responder\u00e1 a todas las\" \/>\n<meta name=\"robots\" content=\"index, follow, max-snippet:-1, max-image-preview:large, max-video-preview:-1\" \/>\n<link rel=\"canonical\" href=\"https:\/\/iqtradingpro.com\/es\/acerca-de-iq-option\/\" \/>\n<meta property=\"og:locale\" content=\"es_ES\" \/>\n<meta property=\"og:type\" content=\"article\" \/>\n<meta property=\"og:title\" content=\"Acerca de IQ Option\" \/>\n<meta property=\"og:description\" content=\"\u00bfQu\u00e9 hace IQ Option ? Si es nuevo en nuestro sitio web, puede preguntarse, \u00bfqu\u00e9 es IQ Option y c\u00f3mo funciona? Este art\u00edculo responder\u00e1 a todas las\" \/>\n<meta property=\"og:url\" content=\"https:\/\/iqtradingpro.com\/es\/acerca-de-iq-option\/\" \/>\n<meta property=\"og:site_name\" content=\"IQ Option Trading Pro\" \/>\n<meta property=\"article:publisher\" content=\"https:\/\/www.facebook.com\/IQTradingPro\/\" \/>\n<meta property=\"article:modified_time\" content=\"2021-05-19T11:19:24+00:00\" \/>\n<meta property=\"og:image\" content=\"https:\/\/iqtradingpro.com\/wp-content\/uploads\/2020\/11\/make-money-safely-with-the-tweezer-candlestick-pattern-in-iq-option.jpg\" \/>\n\t<meta property=\"og:image:width\" content=\"1280\" \/>\n\t<meta property=\"og:image:height\" content=\"720\" \/>\n\t<meta property=\"og:image:type\" content=\"image\/jpeg\" \/>\n<meta name=\"twitter:card\" content=\"summary_large_image\" \/>\n<meta name=\"twitter:label1\" content=\"Tiempo de lectura\" \/>\n\t<meta name=\"twitter:data1\" content=\"3 minutos\" \/>\n<script type=\"application\/ld+json\" class=\"yoast-schema-graph\">{\"@context\":\"https:\/\/schema.org\",\"@graph\":[{\"@type\":\"WebPage\",\"@id\":\"https:\/\/iqtradingpro.com\/es\/acerca-de-iq-option\/\",\"url\":\"https:\/\/iqtradingpro.com\/es\/acerca-de-iq-option\/\",\"name\":\"Acerca de IQ Option - IQ Option Trading Pro\",\"isPartOf\":{\"@id\":\"https:\/\/iqtradingpro.com\/es\/#website\"},\"primaryImageOfPage\":{\"@id\":\"https:\/\/iqtradingpro.com\/es\/acerca-de-iq-option\/#primaryimage\"},\"image\":{\"@id\":\"https:\/\/iqtradingpro.com\/es\/acerca-de-iq-option\/#primaryimage\"},\"thumbnailUrl\":\"https:\/\/iqtradingpro.com\/wp-content\/uploads\/2020\/11\/make-money-safely-with-the-tweezer-candlestick-pattern-in-iq-option.jpg\",\"datePublished\":\"2021-05-19T07:14:48+00:00\",\"dateModified\":\"2021-05-19T11:19:24+00:00\",\"description\":\"\u00bfQu\u00e9 hace IQ Option ? Si es nuevo en nuestro sitio web, puede preguntarse, \u00bfqu\u00e9 es IQ Option y c\u00f3mo funciona? Este art\u00edculo responder\u00e1 a todas las\",\"breadcrumb\":{\"@id\":\"https:\/\/iqtradingpro.com\/es\/acerca-de-iq-option\/#breadcrumb\"},\"inLanguage\":\"es\",\"potentialAction\":[{\"@type\":\"ReadAction\",\"target\":[\"https:\/\/iqtradingpro.com\/es\/acerca-de-iq-option\/\"]}]},{\"@type\":\"ImageObject\",\"inLanguage\":\"es\",\"@id\":\"https:\/\/iqtradingpro.com\/es\/acerca-de-iq-option\/#primaryimage\",\"url\":\"https:\/\/iqtradingpro.com\/wp-content\/uploads\/2020\/11\/make-money-safely-with-the-tweezer-candlestick-pattern-in-iq-option.jpg\",\"contentUrl\":\"https:\/\/iqtradingpro.com\/wp-content\/uploads\/2020\/11\/make-money-safely-with-the-tweezer-candlestick-pattern-in-iq-option.jpg\",\"width\":1280,\"height\":720,\"caption\":\"Make money safely with the Tweezer candlestick pattern in IQ Option\"},{\"@type\":\"BreadcrumbList\",\"@id\":\"https:\/\/iqtradingpro.com\/es\/acerca-de-iq-option\/#breadcrumb\",\"itemListElement\":[{\"@type\":\"ListItem\",\"position\":1,\"name\":\"Home\",\"item\":\"https:\/\/iqtradingpro.com\/es\/\"},{\"@type\":\"ListItem\",\"position\":2,\"name\":\"Acerca de IQ Option\"}]},{\"@type\":\"WebSite\",\"@id\":\"https:\/\/iqtradingpro.com\/es\/#website\",\"url\":\"https:\/\/iqtradingpro.com\/es\/\",\"name\":\"IQ Option Trading Pro\",\"description\":\"Sharing trading experience at IQ Option\",\"publisher\":{\"@id\":\"https:\/\/iqtradingpro.com\/es\/#organization\"},\"potentialAction\":[{\"@type\":\"SearchAction\",\"target\":{\"@type\":\"EntryPoint\",\"urlTemplate\":\"https:\/\/iqtradingpro.com\/es\/?s={search_term_string}\"},\"query-input\":{\"@type\":\"PropertyValueSpecification\",\"valueRequired\":true,\"valueName\":\"search_term_string\"}}],\"inLanguage\":\"es\"},{\"@type\":\"Organization\",\"@id\":\"https:\/\/iqtradingpro.com\/es\/#organization\",\"name\":\"IQ Option Trading Pro\",\"url\":\"https:\/\/iqtradingpro.com\/es\/\",\"logo\":{\"@type\":\"ImageObject\",\"inLanguage\":\"es\",\"@id\":\"https:\/\/iqtradingpro.com\/es\/#\/schema\/logo\/image\/\",\"url\":\"https:\/\/iqtradingpro.com\/wp-content\/uploads\/2019\/09\/iqtradingpro_banner.jpg\",\"contentUrl\":\"https:\/\/iqtradingpro.com\/wp-content\/uploads\/2019\/09\/iqtradingpro_banner.jpg\",\"width\":1193,\"height\":750,\"caption\":\"IQ Option Trading Pro\"},\"image\":{\"@id\":\"https:\/\/iqtradingpro.com\/es\/#\/schema\/logo\/image\/\"},\"sameAs\":[\"https:\/\/www.facebook.com\/IQTradingPro\/\",\"https:\/\/www.linkedin.com\/in\/iqtradingpro\/\",\"https:\/\/www.pinterest.com\/IQTradingPro\/\"]}]}<\/script>\n<!-- \/ Yoast SEO Premium plugin. -->","yoast_head_json":{"title":"Acerca de IQ Option - IQ Option Trading Pro","description":"\u00bfQu\u00e9 hace IQ Option ? Si es nuevo en nuestro sitio web, puede preguntarse, \u00bfqu\u00e9 es IQ Option y c\u00f3mo funciona? Este art\u00edculo responder\u00e1 a todas las","robots":{"index":"index","follow":"follow","max-snippet":"max-snippet:-1","max-image-preview":"max-image-preview:large","max-video-preview":"max-video-preview:-1"},"canonical":"https:\/\/iqtradingpro.com\/es\/acerca-de-iq-option\/","og_locale":"es_ES","og_type":"article","og_title":"Acerca de IQ Option","og_description":"\u00bfQu\u00e9 hace IQ Option ? Si es nuevo en nuestro sitio web, puede preguntarse, \u00bfqu\u00e9 es IQ Option y c\u00f3mo funciona? Este art\u00edculo responder\u00e1 a todas las","og_url":"https:\/\/iqtradingpro.com\/es\/acerca-de-iq-option\/","og_site_name":"IQ Option Trading Pro","article_publisher":"https:\/\/www.facebook.com\/IQTradingPro\/","article_modified_time":"2021-05-19T11:19:24+00:00","og_image":[{"width":1280,"height":720,"url":"https:\/\/iqtradingpro.com\/wp-content\/uploads\/2020\/11\/make-money-safely-with-the-tweezer-candlestick-pattern-in-iq-option.jpg","type":"image\/jpeg"}],"twitter_card":"summary_large_image","twitter_misc":{"Tiempo de lectura":"3 minutos"},"schema":{"@context":"https:\/\/schema.org","@graph":[{"@type":"WebPage","@id":"https:\/\/iqtradingpro.com\/es\/acerca-de-iq-option\/","url":"https:\/\/iqtradingpro.com\/es\/acerca-de-iq-option\/","name":"Acerca de IQ Option - IQ Option Trading Pro","isPartOf":{"@id":"https:\/\/iqtradingpro.com\/es\/#website"},"primaryImageOfPage":{"@id":"https:\/\/iqtradingpro.com\/es\/acerca-de-iq-option\/#primaryimage"},"image":{"@id":"https:\/\/iqtradingpro.com\/es\/acerca-de-iq-option\/#primaryimage"},"thumbnailUrl":"https:\/\/iqtradingpro.com\/wp-content\/uploads\/2020\/11\/make-money-safely-with-the-tweezer-candlestick-pattern-in-iq-option.jpg","datePublished":"2021-05-19T07:14:48+00:00","dateModified":"2021-05-19T11:19:24+00:00","description":"\u00bfQu\u00e9 hace IQ Option ? Si es nuevo en nuestro sitio web, puede preguntarse, \u00bfqu\u00e9 es IQ Option y c\u00f3mo funciona? Este art\u00edculo responder\u00e1 a todas las","breadcrumb":{"@id":"https:\/\/iqtradingpro.com\/es\/acerca-de-iq-option\/#breadcrumb"},"inLanguage":"es","potentialAction":[{"@type":"ReadAction","target":["https:\/\/iqtradingpro.com\/es\/acerca-de-iq-option\/"]}]},{"@type":"ImageObject","inLanguage":"es","@id":"https:\/\/iqtradingpro.com\/es\/acerca-de-iq-option\/#primaryimage","url":"https:\/\/iqtradingpro.com\/wp-content\/uploads\/2020\/11\/make-money-safely-with-the-tweezer-candlestick-pattern-in-iq-option.jpg","contentUrl":"https:\/\/iqtradingpro.com\/wp-content\/uploads\/2020\/11\/make-money-safely-with-the-tweezer-candlestick-pattern-in-iq-option.jpg","width":1280,"height":720,"caption":"Make money safely with the Tweezer candlestick pattern in IQ Option"},{"@type":"BreadcrumbList","@id":"https:\/\/iqtradingpro.com\/es\/acerca-de-iq-option\/#breadcrumb","itemListElement":[{"@type":"ListItem","position":1,"name":"Home","item":"https:\/\/iqtradingpro.com\/es\/"},{"@type":"ListItem","position":2,"name":"Acerca de IQ Option"}]},{"@type":"WebSite","@id":"https:\/\/iqtradingpro.com\/es\/#website","url":"https:\/\/iqtradingpro.com\/es\/","name":"IQ Option Trading Pro","description":"Sharing trading experience at IQ Option","publisher":{"@id":"https:\/\/iqtradingpro.com\/es\/#organization"},"potentialAction":[{"@type":"SearchAction","target":{"@type":"EntryPoint","urlTemplate":"https:\/\/iqtradingpro.com\/es\/?s={search_term_string}"},"query-input":{"@type":"PropertyValueSpecification","valueRequired":true,"valueName":"search_term_string"}}],"inLanguage":"es"},{"@type":"Organization","@id":"https:\/\/iqtradingpro.com\/es\/#organization","name":"IQ Option Trading Pro","url":"https:\/\/iqtradingpro.com\/es\/","logo":{"@type":"ImageObject","inLanguage":"es","@id":"https:\/\/iqtradingpro.com\/es\/#\/schema\/logo\/image\/","url":"https:\/\/iqtradingpro.com\/wp-content\/uploads\/2019\/09\/iqtradingpro_banner.jpg","contentUrl":"https:\/\/iqtradingpro.com\/wp-content\/uploads\/2019\/09\/iqtradingpro_banner.jpg","width":1193,"height":750,"caption":"IQ Option Trading Pro"},"image":{"@id":"https:\/\/iqtradingpro.com\/es\/#\/schema\/logo\/image\/"},"sameAs":["https:\/\/www.facebook.com\/IQTradingPro\/","https:\/\/www.linkedin.com\/in\/iqtradingpro\/","https:\/\/www.pinterest.com\/IQTradingPro\/"]}]}},"jetpack_shortlink":"https:\/\/wp.me\/PbhGdF-1cg","jetpack_sharing_enabled":true,"amp_enabled":true,"_links":{"self":[{"href":"https:\/\/iqtradingpro.com\/es\/wp-json\/wp\/v2\/pages\/4604","targetHints":{"allow":["GET"]}}],"collection":[{"href":"https:\/\/iqtradingpro.com\/es\/wp-json\/wp\/v2\/pages"}],"about":[{"href":"https:\/\/iqtradingpro.com\/es\/wp-json\/wp\/v2\/types\/page"}],"author":[{"embeddable":true,"href":"https:\/\/iqtradingpro.com\/es\/wp-json\/wp\/v2\/users\/1"}],"replies":[{"embeddable":true,"href":"https:\/\/iqtradingpro.com\/es\/wp-json\/wp\/v2\/comments?post=4604"}],"version-history":[{"count":2,"href":"https:\/\/iqtradingpro.com\/es\/wp-json\/wp\/v2\/pages\/4604\/revisions"}],"predecessor-version":[{"id":4606,"href":"https:\/\/iqtradingpro.com\/es\/wp-json\/wp\/v2\/pages\/4604\/revisions\/4606"}],"wp:featuredmedia":[{"embeddable":true,"href":"https:\/\/iqtradingpro.com\/es\/wp-json\/wp\/v2\/media\/4607"}],"wp:attachment":[{"href":"https:\/\/iqtradingpro.com\/es\/wp-json\/wp\/v2\/media?parent=4604"}],"curies":[{"name":"wp","href":"https:\/\/api.w.org\/{rel}","templated":true}]}}